{"id":12,"date":"2026-04-19T16:56:04","date_gmt":"2026-04-19T16:56:04","guid":{"rendered":"https:\/\/schoolbus.tropitech.cloud\/?page_id=12"},"modified":"2026-04-19T16:56:09","modified_gmt":"2026-04-19T16:56:09","slug":"dashboard-bus","status":"publish","type":"page","link":"https:\/\/schoolbus.tropitech.cloud\/en\/dashboard-bus\/","title":{"rendered":"Dashboard bus"},"content":{"rendered":"<div style=\"padding:20px;border:1px solid #e5e7eb;border-radius:14px;background:#fff;\">Acc\u00e8s r\u00e9serv\u00e9 aux utilisateurs connect\u00e9s.<\/div>","protected":false},"excerpt":{"rendered":"","protected":false},"author":1,"featured_media":0,"parent":0,"menu_order":0,"comment_status":"closed","ping_status":"closed","template":"","meta":{"footnotes":""},"class_list":["post-12","page","type-page","status-publish","hentry"],"_links":{"self":[{"href":"https:\/\/schoolbus.tropitech.cloud\/en\/wp-json\/wp\/v2\/pages\/12","targetHints":{"allow":["GET"]}}],"collection":[{"href":"https:\/\/schoolbus.tropitech.cloud\/en\/wp-json\/wp\/v2\/pages"}],"about":[{"href":"https:\/\/schoolbus.tropitech.cloud\/en\/wp-json\/wp\/v2\/types\/page"}],"author":[{"embeddable":true,"href":"https:\/\/schoolbus.tropitech.cloud\/en\/wp-json\/wp\/v2\/users\/1"}],"replies":[{"embeddable":true,"href":"https:\/\/schoolbus.tropitech.cloud\/en\/wp-json\/wp\/v2\/comments?post=12"}],"version-history":[{"count":1,"href":"https:\/\/schoolbus.tropitech.cloud\/en\/wp-json\/wp\/v2\/pages\/12\/revisions"}],"predecessor-version":[{"id":13,"href":"https:\/\/schoolbus.tropitech.cloud\/en\/wp-json\/wp\/v2\/pages\/12\/revisions\/13"}],"wp:attachment":[{"href":"https:\/\/schoolbus.tropitech.cloud\/en\/wp-json\/wp\/v2\/media?parent=12"}],"curies":[{"name":"wp","href":"https:\/\/api.w.org\/{rel}","templated":true}]}}